{"id":842,"date":"2021-04-27T19:07:47","date_gmt":"2021-04-27T19:07:47","guid":{"rendered":"http:\/\/forosonodoc.org\/?page_id=842"},"modified":"2021-11-25T21:28:01","modified_gmt":"2021-11-25T21:28:01","slug":"virtual-2021","status":"publish","type":"page","link":"https:\/\/forosonodoc.org\/index.php\/virtual-2021\/","title":{"rendered":"Convocatoria de audios"},"content":{"rendered":"\n<div class=\"wp-block-group\"><div class=\"wp-block-group__inner-container is-layout-flow\">\n<div class=\"wp-block-group\"><div class=\"wp-block-group__inner-container is-layout-flow\">\n<div class=\"wp-block-image\"><figure class=\"aligncenter size-large\"><img decoding=\"async\" loading=\"lazy\" width=\"851\" height=\"315\" src=\"https:\/\/forosonodoc.org\/wp-content\/uploads\/2021\/11\/SONODOC-WEB-2.png\" alt=\"\" class=\"wp-image-860\" srcset=\"https:\/\/forosonodoc.org\/wp-content\/uploads\/2021\/11\/SONODOC-WEB-2.png 851w, https:\/\/forosonodoc.org\/wp-content\/uploads\/2021\/11\/SONODOC-WEB-2-300x111.png 300w, https:\/\/forosonodoc.org\/wp-content\/uploads\/2021\/11\/SONODOC-WEB-2-768x284.png 768w\" sizes=\"(max-width: 851px) 100vw, 851px\" \/><\/figure><\/div>\n\n\n\n<p class=\"has-text-align-center\"><strong>Convocatoria de audios<\/strong><\/p>\n<\/div><\/div>\n\n\n\n<p>En el marco de la edici\u00f3n 2021 de SONODOC, consideramos importante reflexionar en torno a lo que la humanidad enfrenta en un contexto de supervivencia, por lo cual, se convoca a que la comunidad hispanohablante, comparta los sonidos que envuelven su realidad, as\u00ed como historias que retraten la forma en c\u00f3mo, la todav\u00eda presente pandemia de la Covid-19, les cambi\u00f3 la vida. El objetivo de esta convocatoria es crear una obra colectiva como testimonio esperanzador de una \u00e9poca que marca un punto de inflexi\u00f3n para la humanidad. La obra final estar\u00e1 compuesta por los audios recibidos y ser\u00e1 publicada durante las actividades de la presente edici\u00f3n.<\/p>\n\n\n\n<div class=\"wp-block-group\"><div class=\"wp-block-group__inner-container is-layout-flow\">\n<p><strong>\u00bfQu\u00e9 grabar?<\/strong><\/p>\n\n\n\n<p>Creaci\u00f3n sonora, paisaje sonoro, testimonio, naturaleza, animales, postal sonora, ambientes, situaciones, objetos, eventos o lugares.<\/p>\n\n\n\n<p>*Las piezas presentadas deber\u00e1n ser in\u00e9ditas y contar con una cuidada producci\u00f3n t\u00e9cnica: registro, edici\u00f3n y postproducci\u00f3n.<\/p>\n\n\n\n<p>*Pueden participar grabaciones en bruto, notas de voz o registros hechos durante cualquier momento de la pandemia, ya sea del a\u00f1o 2020 o 2021.<\/p>\n<\/div><\/div>\n\n\n\n<p><strong>\u00bfC\u00f3n qu\u00e9 grabar?<\/strong><\/p>\n\n\n\n<p>Cualquier dispositivo que registre audio.<\/p>\n\n\n\n<p><strong>Env\u00edo<\/strong><\/p>\n\n\n\n<ol><li>Ficha t\u00e9cnica en un audio de hasta dos minutos, donde se diga:<\/li><\/ol>\n\n\n\n<ul><li>Nombre o seud\u00f3nimo del autor \/ autora <\/li><\/ul>\n\n\n\n<ul><li>Edad <\/li><\/ul>\n\n\n\n<ul><li>Pa\u00eds, ciudad y pueblo de origen <\/li><\/ul>\n\n\n\n<ul><li>Breve descripci\u00f3n del audio: personajes, paisaje sonoro, ambientes, situaciones, objetos o lugares<\/li><\/ul>\n\n\n\n<p>2. Pieza sonora titulada, de hasta 1 minuto de duraci\u00f3n (preferentemente).<\/p>\n\n\n\n<p>Enviar los dos audios (ficha t\u00e9cnica y pieza sonora) en MP3 o WAV a infosonodoc@gmail.com con el asunto: &#8220;Convocatoria SONODOC 2021 &#8211; Nombre y apellido&#8221;.<\/p>\n\n\n\n<p><strong>Plazo y cierre de convocatoria<\/strong><\/p>\n\n\n\n<p>La presente convocatoria permanecer\u00e1 abierta del 27 de abril al 30 de julio de 2021.<\/p>\n\n\n\n<p><strong>Pr\u00f3rroga<\/strong><\/p>\n\n\n\n<p>Debido al \u00e9xito de la presente convocatoria, se extender\u00e1 la fecha l\u00edmite de participaci\u00f3n al 15 de septiembre de 2021.<\/p>\n\n\n\n<p><strong>T\u00e9rminos<\/strong><\/p>\n\n\n\n<p>Al realizar el env\u00edo de audios, los participantes aceptan los t\u00e9rminos de SONODOC que se detallan a continuaci\u00f3n:<\/p>\n\n\n\n<p>El comit\u00e9 organizador utilizar\u00e1 \u00fanicamente los audios que cumplan con los lineamientos de la presente convocatoria y ser\u00e1n editados como una sola obra sonora que se publicar\u00e1 en <a href=\"http:\/\/www.forosonodoc.org\/\">www.forosonodoc.org<\/a> y se difundir\u00e1 en la 6\u00aa edici\u00f3n del Foro de Documental Sonoro en Espa\u00f1ol, SONODOC 2021.  En la misma web, se dar\u00e1 cr\u00e9dito a los autores con los datos proporcionados.<\/p>\n\n\n\n<p>Pueden participar personas menores de edad, siempre y cuando tengan el consentimiento firmado de sus padres, madres o personas encargadas legales.<\/p>\n\n\n\n<p>Las piezas sonoras deber\u00e1n estar libres de derechos de distribuci\u00f3n por un tercero.<\/p>\n\n\n\n<p>Los participantes autorizan el uso de los audios enviados al comit\u00e9 organizador del Foro SONODOC 2021, el cual har\u00e1 uso del material bajo los t\u00e9rminos de la licencia p\u00fablica Creative Commons Atribuci\u00f3n-NoComercial-Compartir Igual 4.0 Internacional (CC BY-NC-SA 4.0), que se puede consultar en el siguiente link: <a>https:\/\/creativecommons.org\/licenses\/by-nc-sa\/4.0\/deed.es<\/a><\/p>\n\n\n\n<p><\/p>\n<\/div><\/div>\n","protected":false},"excerpt":{"rendered":"<p>Convocatoria de audios En el marco de la edici\u00f3n 2021 de SONODOC, consideramos importante reflexionar en torno a lo que la humanidad enfrenta en un contexto de supervivencia, por lo cual, se convoca a que ...<\/p>\n","protected":false},"author":1,"featured_media":0,"parent":0,"menu_order":0,"comment_status":"closed","ping_status":"closed","template":"","meta":[],"_links":{"self":[{"href":"https:\/\/forosonodoc.org\/index.php\/wp-json\/wp\/v2\/pages\/842"}],"collection":[{"href":"https:\/\/forosonodoc.org\/index.php\/wp-json\/wp\/v2\/pages"}],"about":[{"href":"https:\/\/forosonodoc.org\/index.php\/wp-json\/wp\/v2\/types\/page"}],"author":[{"embeddable":true,"href":"https:\/\/forosonodoc.org\/index.php\/wp-json\/wp\/v2\/users\/1"}],"replies":[{"embeddable":true,"href":"https:\/\/forosonodoc.org\/index.php\/wp-json\/wp\/v2\/comments?post=842"}],"version-history":[{"count":7,"href":"https:\/\/forosonodoc.org\/index.php\/wp-json\/wp\/v2\/pages\/842\/revisions"}],"predecessor-version":[{"id":862,"href":"https:\/\/forosonodoc.org\/index.php\/wp-json\/wp\/v2\/pages\/842\/revisions\/862"}],"wp:attachment":[{"href":"https:\/\/forosonodoc.org\/index.php\/wp-json\/wp\/v2\/media?parent=842"}],"curies":[{"name":"wp","href":"https:\/\/api.w.org\/{rel}","templated":true}]}}