{"id":729,"date":"2020-11-24T04:26:36","date_gmt":"2020-11-24T04:26:36","guid":{"rendered":"http:\/\/forosonodoc.org\/?page_id=729"},"modified":"2020-12-30T22:32:57","modified_gmt":"2020-12-30T22:32:57","slug":"virtual-2020","status":"publish","type":"page","link":"https:\/\/forosonodoc.org\/index.php\/virtual-2020\/","title":{"rendered":"Virtual 2020"},"content":{"rendered":"\n<div class=\"wp-block-image\"><figure class=\"aligncenter size-large\"><img decoding=\"async\" loading=\"lazy\" width=\"1024\" height=\"512\" src=\"https:\/\/forosonodoc.org\/wp-content\/uploads\/2020\/11\/SD_2020_Gene\u0301rcio-1024x512.png\" alt=\"\" class=\"wp-image-711\" srcset=\"https:\/\/forosonodoc.org\/wp-content\/uploads\/2020\/11\/SD_2020_Gene\u0301rcio-1024x512.png 1024w, https:\/\/forosonodoc.org\/wp-content\/uploads\/2020\/11\/SD_2020_Gene\u0301rcio-300x150.png 300w, https:\/\/forosonodoc.org\/wp-content\/uploads\/2020\/11\/SD_2020_Gene\u0301rcio-768x384.png 768w, https:\/\/forosonodoc.org\/wp-content\/uploads\/2020\/11\/SD_2020_Gene\u0301rcio-1536x768.png 1536w, https:\/\/forosonodoc.org\/wp-content\/uploads\/2020\/11\/SD_2020_Gene\u0301rcio-2048x1024.png 2048w\" sizes=\"(max-width: 1024px) 100vw, 1024px\" \/><\/figure><\/div>\n\n\n\n<div class=\"wp-block-themeisle-blocks-advanced-columns has-1-columns has-desktop-equal-layout has-tablet-equal-layout has-mobile-equal-layout has-default-gap has-vertical-unset\" id=\"wp-block-themeisle-blocks-advanced-columns-2ec91de0\" style=\"border-width:0px;border-style:solid;border-color:#000000;border-radius:0px;justify-content:unset\"><div class=\"wp-themeisle-block-overlay\" style=\"opacity:0.5;mix-blend-mode:normal\"><\/div><div class=\"innerblocks-wrap\">\n<div class=\"wp-block-themeisle-blocks-advanced-column\" id=\"wp-block-themeisle-blocks-advanced-column-cdb7d9f2\" style=\"border-width:0px;border-style:solid;border-color:#000000;border-radius:0px\">\n<p>El evento se desarroll\u00f3 entre el <strong>1 y el 6 de diciembre<\/strong> bajo el nombre <strong>\u201cSONODOC 2020: LOS DESAF\u00cdOS DEL SONIDO\u201d<\/strong>. De acuerdo con la organizaci\u00f3n, \u201cesta edici\u00f3n virtual busca dar alternativas de c\u00f3mo enfrentar la transformaci\u00f3n de la creaci\u00f3n sonora\u201d.<\/p>\n\n\n\n<p>La quinta edici\u00f3n de SONODOC reuni\u00f3 a <strong>realizadores, investigadores, profesionales y acad\u00e9micos del trabajo sonoro de diversas partes del mundo<\/strong> para la difusi\u00f3n, escucha y capacitaci\u00f3n en torno a este g\u00e9nero.<\/p>\n\n\n\n<blockquote class=\"wp-block-quote\"><p>\u201cEn un a\u00f1o en el que hemos experimentado grandes cambios, el quehacer radiof\u00f3nico no ha sido ajeno a ello. Por este motivo encontramos la necesidad de reflexionar y ahondar en los desaf\u00edos que hemos encontrado en el paso a esta nueva normalidad que nos exige y da la oportunidad de seguir contando historias con sonidos\u201d.<\/p><cite>Nota de prensa, SONODOC 2020.<\/cite><\/blockquote>\n\n\n\n<p>Los ejes tem\u00e1ticos fueron: el <strong>documental sonoro, el periodismo sonoro en tiempos de crisis, el paisaje sonoro, las tecnolog\u00edas inmersivas para la documentaci\u00f3n sonora, podcast y la preservaci\u00f3n de archivos sonoros. <\/strong>Estos se desarrollaron en conferencias magistrales, conversatorios y <em>showrooms<\/em> con m\u00e1s de 30 voces de Am\u00e9rica Latina, Estados Unidos y Europa.<\/p>\n\n\n\n<p>Tambi\u00e9n se ofrecieron sesiones de escucha con autores de documentales sonoros de <strong>Cuba, Argentina, Colombia, Per\u00fa y M\u00e9xico<\/strong>, adem\u00e1s de una muestra de piezas de este g\u00e9nero de distintas partes de Iberoam\u00e9rica que fueron transmitidas a trav\u00e9s de la <a href=\"https:\/\/radiosonodoc.sutty.nl\/\">radio online\u00a0del Foro<\/a> RADIO SONODOC, todos los d\u00edas del foro desde las 18hrs. (CDMX) y el domingo 6\/12 desde las 12 hrs. (CDMX).<\/p>\n\n\n\n<div class=\"wp-block-file\"><a href=\"https:\/\/forosonodoc.org\/wp-content\/uploads\/2020\/12\/RADIO-SONODOC-2020.pdf\">PROGRAMACI\u00d3N RADIO SONODOC 2020<\/a><a href=\"https:\/\/forosonodoc.org\/wp-content\/uploads\/2020\/12\/RADIO-SONODOC-2020.pdf\" class=\"wp-block-file__button\" download>Descarga<\/a><\/div>\n<\/div>\n<\/div><\/div>\n\n\n\n<div class=\"wp-block-file\"><a href=\"https:\/\/forosonodoc.org\/wp-content\/uploads\/2020\/12\/AGENDA-SONODOC-2020.png\">AGENDA-SONODOC-2020<\/a><a href=\"https:\/\/forosonodoc.org\/wp-content\/uploads\/2020\/12\/AGENDA-SONODOC-2020.png\" class=\"wp-block-file__button\" download>Descarga<\/a><\/div>\n\n\n\n<div class=\"wp-block-image\"><figure class=\"aligncenter size-large is-resized\"><img decoding=\"async\" loading=\"lazy\" src=\"https:\/\/forosonodoc.org\/wp-content\/uploads\/2020\/11\/AGENDA-SONODOC-2020-1920-X-1080-1024x576.png\" alt=\"\" class=\"wp-image-805\" width=\"1153\" height=\"649\" srcset=\"https:\/\/forosonodoc.org\/wp-content\/uploads\/2020\/11\/AGENDA-SONODOC-2020-1920-X-1080-1024x576.png 1024w, https:\/\/forosonodoc.org\/wp-content\/uploads\/2020\/11\/AGENDA-SONODOC-2020-1920-X-1080-300x169.png 300w, https:\/\/forosonodoc.org\/wp-content\/uploads\/2020\/11\/AGENDA-SONODOC-2020-1920-X-1080-768x432.png 768w, https:\/\/forosonodoc.org\/wp-content\/uploads\/2020\/11\/AGENDA-SONODOC-2020-1920-X-1080-1536x864.png 1536w, https:\/\/forosonodoc.org\/wp-content\/uploads\/2020\/11\/AGENDA-SONODOC-2020-1920-X-1080.png 1920w\" sizes=\"(max-width: 1153px) 100vw, 1153px\" \/><\/figure><\/div>\n\n\n\n<hr class=\"wp-block-separator\"\/>\n\n\n\n<h2 id=\"wp-block-themeisle-blocks-advanced-heading-f1655fc6\" class=\"wp-block-themeisle-blocks-advanced-heading wp-block-themeisle-blocks-advanced-heading-f1655fc6\" style=\"color:#000000;font-style:normal;text-transform:none\"><strong>Memoria<\/strong><\/h2>\n\n\n\n<p>En el a\u00f1o en que todo cambi\u00f3 y se instal\u00f3 la distancia social como paradigma, decidimos realizar el quinto Foro de Documental Sonoro en Espa\u00f1ol, sum\u00e1ndonos a la t\u00f3nica de realizar actividades descentralizadas. Esta fue la primera versi\u00f3n virtual en la que, adem\u00e1s, discutimos sobre los desaf\u00edos que desde las narrativa sonoras tenemos para contar las crisis.<\/p>\n\n\n\n<p class=\"has-text-align-center\"><strong>MARTES, 1 DE DICIEMBRE<\/strong><\/p>\n\n\n\n<p><strong>Mesa 1: \u201cDocumental sonoro: la mirada latina\u201d<\/strong><\/p>\n\n\n\n<p>Karla Lechuga (M\u00e9xico), Vanessa Valencia Ramos (Pe\u0155u) y Gladys P\u00e9rez (Estados Unidos-Cuba) conversaron sobre los alcances del g\u00e9nero, ensayando definiciones y tipolog\u00edas.<\/p>\n\n\n\n<p>Si te la perdiste, puedes verla <a rel=\"noreferrer noopener\" href=\"https:\/\/www.youtube.com\/watch?v=C5CcCrKPTLU\" target=\"_blank\">aqu\u00ed<\/a>. <\/p>\n\n\n\n<p><strong>Mesa 2: \u201cPeriodismo sonoro en tiempos de crisis\u201d<\/strong><\/p>\n\n\n\n<p>Juan Carlos Roque (Pa\u00edses Bajos-Cuba), Katiuska Ramos (Cuba) y Francisco Godinez Galay (Argentina) abordaron el rol del documental y las posibilidades del documentalista para narrar sobre y en las dos grandes crisis del \u00faltimo tiempo: la pandemia y, en el caso latinoamericano, los procesos de protesta social.<\/p>\n\n\n\n<p>Si te la perdiste, puedes verla <a rel=\"noreferrer noopener\" href=\"https:\/\/youtu.be\/QHPZp2oovwM\" target=\"_blank\">aqu\u00ed<\/a>.<\/p>\n\n\n\n<p><strong>Sesi\u00f3n de escucha 1: &#8220;Basilio&#8221;<\/strong><\/p>\n\n\n\n<p>Intentamos recrear los espacios de escucha colectiva, esta vez a la distancia. En la primera sesi\u00f3n Fernando Echevarr\u00eda (Per\u00fa) convers\u00f3 con Juan Carlos Roque sobre su obra \u201cBasilio: una canci\u00f3n que cura en tiempos de la Covid-19\u201d. <\/p>\n\n\n\n<p>Si te la perdiste, puedes verla <a rel=\"noreferrer noopener\" href=\"https:\/\/youtu.be\/QHPZp2oovwM\" target=\"_blank\">aqu\u00ed<\/a> a partir del 1:04:20<\/p>\n\n\n\n<hr class=\"wp-block-separator\"\/>\n\n\n\n<p class=\"has-text-align-center\"><strong>MI\u00c9RCOLES, 2 DE DICIEMBRE<\/strong><\/p>\n\n\n\n<p><strong>Mesa 3: \u201cDocumental sonoro: realizaci\u00f3n, estilo y est\u00e9tica\u201d<\/strong><\/p>\n\n\n\n<p>Laura Romero Valldecabres (Espa\u00f1a) y Joaqu\u00edn Cofreces (Argentina) conversaron con Karla Lechuga (M\u00e9xico) sobre la libertad y la flexibilidad que da el g\u00e9nero.<\/p>\n\n\n\n<p>Si te la perdiste, puedes verla <a rel=\"noreferrer noopener\" href=\"https:\/\/www.youtube.com\/watch?v=eRMLc8ztIic\" target=\"_blank\">aqu\u00ed<\/a>. <\/p>\n\n\n\n<p><strong>Mesa 4: \u201cRegistro y paisaje sonoro en el documental\u201d<\/strong><\/p>\n\n\n\n<p>Las perspectivas y utilidades sobre el registro de campo, con Karina Franco Villase\u00f1or (M\u00e9xico), Valentina Villarroel (Chile) y Alejandro Cornejo (Per\u00fa).<\/p>\n\n\n\n<p>Si te la perdiste, puedes verla <a href=\"https:\/\/youtu.be\/7YZwpodxkzA\" target=\"_blank\" rel=\"noreferrer noopener\">aqu\u00ed<\/a>.<\/p>\n\n\n\n<p><strong>Sesi\u00f3n de escucha 2: #LaRabia<\/strong><\/p>\n\n\n\n<p>En la segunda sesi\u00f3n de escucha, Fernando Echevarr\u00eda convers\u00f3 con los coordinadores de #LaRabia, Alejandro Cornejo (Per\u00fa) y Francisco Gosdinez Galay (Argentina). #LaRabia es un documental concebido en colecciones y de producci\u00f3n colaborativa y a distancia, sobre las protestas del \u00faltimo tiempo en Am\u00e9rica Latina. Se present\u00f3 el cap\u00edtulo de Chile de la colecci\u00f3n #LaRabia y la M\u00fasica.<\/p>\n\n\n\n<p>Si te la perdiste, puedes verla<a rel=\"noreferrer noopener\" href=\"https:\/\/youtu.be\/QHPZp2oovwM\" target=\"_blank\"> <\/a><a rel=\"noreferrer noopener\" href=\"https:\/\/youtu.be\/7YZwpodxkzA\" target=\"_blank\">aqu\u00ed<\/a> a partir del 1:06:34<\/p>\n\n\n\n<hr class=\"wp-block-separator\"\/>\n\n\n\n<p class=\"has-text-align-center\"><strong>JUEVES, 3 DE DICIEMBRE<\/strong><\/p>\n\n\n\n<p><strong>Mesa 5: \u201cLa ense\u00f1anza del documental sonoro\u201d<\/strong><\/p>\n\n\n\n<p>Candice Carrazco (M\u00e9xico), Andr\u00e9s Almada (M\u00e9xico), Fernando Echevarr\u00eda (Per\u00fa) y Oskar Corredor (Colombia) intercambiaron experiencias sobre la inclusi\u00f3n del g\u00e9nero en la ense\u00f1anza universitaria, as\u00ed como propuestas y reflexiones a futuro.<\/p>\n\n\n\n<p>Si te la perdiste, puedes verla <a rel=\"noreferrer noopener\" href=\"https:\/\/www.youtube.com\/watch?v=fepsXz56nDI\" target=\"_blank\">aqu\u00ed.<\/a><\/p>\n\n\n\n<p><strong>Sesi\u00f3n de escucha 3: &#8220;De la coca al caf\u00e9&#8221;<\/strong><\/p>\n\n\n\n<p>Charlotte de Beauvoir (Colombia) present\u00f3 el documental sonoro que realiz\u00f3 junto con Benoit Bories y convers\u00f3 con Karla Lechuga acerca de la producci\u00f3n, las preferencias sonoras y la est\u00e9tica.<\/p>\n\n\n\n<p>Si te la perdiste, puedes verla <a rel=\"noreferrer noopener\" href=\"https:\/\/www.facebook.com\/watch\/live\/?v=1784570921697834&amp;ref=watch_permalink\" target=\"_blank\">aqu\u00ed<\/a><a rel=\"noreferrer noopener\" href=\"https:\/\/www.youtube.com\/watch?v=fepsXz56nDI\" target=\"_blank\">.<\/a> <\/p>\n\n\n\n<hr class=\"wp-block-separator\"\/>\n\n\n\n<p class=\"has-text-align-center\"><strong>VIERNES, 4 DE DICIEMBRE<\/strong><\/p>\n\n\n\n<p><strong>Mesa 7: \u201cPodcast: nuevas narrativas\u201d<\/strong><\/p>\n\n\n\n<p>Desde hace unos a\u00f1os los documentales sonoros proliferan en el territorio digital. \u00bfQu\u00e9 est\u00e1n haciendo sobre el g\u00e9nero los principales referentes del fen\u00f3meno del <em>podcasting<\/em>? Para conocerlo, Cintyha Robles (Per\u00fa) convers\u00f3 con Catalina May y Mart\u00edn Cruz de &#8220;Las Raras&#8221; (Chile) y Jimena Marcos de Podium Podcast (Espa\u00f1a).<\/p>\n\n\n\n<p>Si te la perdiste, puedes verla <a rel=\"noreferrer noopener\" href=\"https:\/\/www.youtube.com\/watch?v=AR6uKtnIw8M\" target=\"_blank\">aqu\u00ed<\/a>.<\/p>\n\n\n\n<p><strong>Mesa 8: \u201cNarrar el territorio: sonidos y lenguas desde la radio local\u201d<\/strong><\/p>\n\n\n\n<p>Pita Cort\u00e9s (M\u00e9xico) convers\u00f3 sobre las sonoridades propias de nuestra regi\u00f3n con Robin Canul (M\u00e9xico), Alejandro Molina (Per\u00fa) y Beatriz Garc\u00eda (Espa\u00f1a-Per\u00fa).<\/p>\n\n\n\n<p>Si te la perdiste, puedes verla <a href=\"https:\/\/www.facebook.com\/ForoSonodoc\/videos\/1259154447804416\" target=\"_blank\" rel=\"noreferrer noopener\">aqu\u00ed<\/a>.<\/p>\n\n\n\n<p><strong>Sesi\u00f3n de escucha 4: &#8220;La alberca<\/strong>&#8220;<\/p>\n\n\n\n<p>Karla Lechuga present\u00f3 el documental sonoro que hizo con Edith D\u00edaz, conversando con Fernando Echevarr\u00eda sobre el personaje protagonista, la historia de lucha y las condiciones de grabaci\u00f3n \/ realizaci\u00f3n.<\/p>\n\n\n\n<p>Si te la perdiste, puedes verla <a rel=\"noreferrer noopener\" href=\"https:\/\/www.facebook.com\/ForoSonodoc\/videos\/1259154447804416\" target=\"_blank\">aqu\u00ed<\/a> a partir del 1:05:54<\/p>\n\n\n\n<hr class=\"wp-block-separator\"\/>\n\n\n\n<p class=\"has-text-align-center\"><strong>S\u00c1BADO, 5 DE DICIEMBRE<\/strong><\/p>\n\n\n\n<p><strong>Mesa 9: \u201cEl documental: memoria sonora, identidad y preservaci\u00f3n\u201d<\/strong><\/p>\n\n\n\n<p>Pita Cort\u00e9s convers\u00f3 con Graciela Mart\u00ednez Mat\u00edas (M\u00e9xico) sobre el valor de los sonidos en nuestra identidad y cultura, como as\u00ed tambi\u00e9n la fuerza del g\u00e9nero del documental para realzar su importancia.<\/p>\n\n\n\n<p>Si te la perdiste, puedes verla <a rel=\"noreferrer noopener\" href=\"https:\/\/www.youtube.com\/watch?v=mkg9O32W3FM\" target=\"_blank\">aqu\u00ed<\/a>.<\/p>\n\n\n\n<p><strong>Mesa 10: \u201cImportancia de la preservaci\u00f3n de archivos sonoros\u201d<\/strong><\/p>\n\n\n\n<p>En esta mesa se abord\u00f3 el problema de la preservaci\u00f3n, restauraci\u00f3n, clasificaci\u00f3n y uso de la gran cantidad de archivos sonoros producidos en el mundo desde que es t\u00e9cnicamente posible. Conversaron Alejandro Cornejo y Perla Olivia Rodr\u00edguez (M\u00e9xico); Matteo Manfredi (Ecuador) particip\u00f3 con un video.<\/p>\n\n\n\n<p>Si te la perdiste, puedes verla <a rel=\"noreferrer noopener\" href=\"https:\/\/www.youtube.com\/watch?v=8Az_UJbnTpg&amp;ab_channel=SONODOCForodeDocumentalSonoroenEspa%C3%B1ol\" target=\"_blank\">aqu\u00ed.<\/a><\/p>\n\n\n\n<p><strong>Mesa 11: \u201cLos oyentes hablan. Cr\u00edtica y recomendaci\u00f3n de podcasts y documentales\u201d<\/strong><\/p>\n\n\n\n<p>En la \u00faltima mesa se pens\u00f3 dejar de hablar desde las autor\u00edas y dar espacio a qu\u00e9 se percibe en la instancia de escucha. Para eso contamos con la presencia de Pablo Fisher (Argentina), Marcela D\u00edaz (Colombia) y Gustavo Carvajal (Estados Unidos-Colombia), profesionales especializados en la cr\u00edtica de podcast que nos trajeron algunos ejemplos para escuchar y analizar.<\/p>\n\n\n\n<p>Si te la perdiste, puedes verla <a rel=\"noreferrer noopener\" href=\"https:\/\/www.youtube.com\/watch?v=8Az_UJbnTpg&amp;ab_channel=SONODOCForodeDocumentalSonoroenEspa%C3%B1ol\" target=\"_blank\">aqu\u00ed<\/a> a partir del 1:10:50<\/p>\n\n\n\n<hr class=\"wp-block-separator\"\/>\n\n\n\n<p class=\"has-text-align-center\"><strong>SHOWROOMS<\/strong><\/p>\n\n\n\n<p>Adem\u00e1s de las mesas hubo showrooms, espacios para compartir herramientas t\u00e9cnicas y concretas para el trabajo sobre el documental.<\/p>\n\n\n\n<ol><li><strong>Tecnolog\u00edas libres para realizar documentales sonoros.<\/strong><\/li><\/ol>\n\n\n\n<p>In\u00e9s Binder (Argentina) y Santiago Garc\u00eda (Espa\u00f1a), conversaron con Francisco Godinez Galay y presentaron un cat\u00e1logo de <em>softwares<\/em> libres para todas las instancias de la producci\u00f3n: oficinas virtuales, para env\u00edo de archivos, grabaci\u00f3n, <em>streaming<\/em>, edici\u00f3n, dise\u00f1o gr\u00e1fico, publicaci\u00f3n. <a rel=\"noreferrer noopener\" href=\"https:\/\/www.youtube.com\/watch?v=JNpphyOJphM\" target=\"_blank\">Ver showroom<\/a><\/p>\n\n\n\n<p>Adem\u00e1s nos compartieron materiales para consulta:<\/p>\n\n\n\n<ul><li><a rel=\"noreferrer noopener\" href=\"https:\/\/pad.disroot.org\/p\/r.24dfdb95a26ec96003c9765f375b56c5\" target=\"_blank\">Pad con todos los programas mencionados<\/a> <\/li><\/ul>\n\n\n\n<ul><li>Libro de libre descarga <a rel=\"noreferrer noopener\" href=\"https:\/\/radioslibres.net\/politizar-la-tecnologia\/\" target=\"_blank\">&#8220;Politizar la tecnolog\u00eda&#8221;<\/a> <\/li><\/ul>\n\n\n\n<p>2. <strong>Ficha de registro de archivos sonoros<\/strong><\/p>\n\n\n\n<p>Vanessa Valencia Ramos comparti\u00f3 un <a rel=\"noreferrer noopener\" href=\"https:\/\/pad.disroot.org\/p\/r.78db3769a7f8521ef3608ee0beae0571\" target=\"_blank\">pad<\/a> con se\u00f1as, recursos y herramientas para saber c\u00f3mo clasificar, ordenar y fichar los archivos sonoros que se tienen y los registros que se producen.<\/p>\n\n\n\n<p>3. <strong>Software para realizaci\u00f3n y difusi\u00f3n de documentales<\/strong><\/p>\n\n\n\n<p>Luis Merino nos brind\u00f3 un an\u00e1lisis pormenorizado de diferentes <em>softwares<\/em> de edici\u00f3n de sonidos y programas para facilitad la difusi\u00f3n de nuestros trabajos sonoros. <a rel=\"noreferrer noopener\" href=\"https:\/\/www.youtube.com\/watch?v=j7ecsMCWazQ\" target=\"_blank\">Ver showroom<\/a><\/p>\n\n\n\n<hr class=\"wp-block-separator\"\/>\n\n\n\n<p><\/p>\n","protected":false},"excerpt":{"rendered":"<p>En el a\u00f1o en que todo cambi\u00f3 y se instal\u00f3 la distancia social como paradigma, decidimos realizar el quinto Foro de Documental Sonoro en Espa\u00f1ol, sum\u00e1ndonos a la t\u00f3nica de realizar actividades descentralizadas. Esta fue ...<\/p>\n","protected":false},"author":1,"featured_media":711,"parent":0,"menu_order":0,"comment_status":"closed","ping_status":"closed","template":"","meta":[],"_links":{"self":[{"href":"https:\/\/forosonodoc.org\/index.php\/wp-json\/wp\/v2\/pages\/729"}],"collection":[{"href":"https:\/\/forosonodoc.org\/index.php\/wp-json\/wp\/v2\/pages"}],"about":[{"href":"https:\/\/forosonodoc.org\/index.php\/wp-json\/wp\/v2\/types\/page"}],"author":[{"embeddable":true,"href":"https:\/\/forosonodoc.org\/index.php\/wp-json\/wp\/v2\/users\/1"}],"replies":[{"embeddable":true,"href":"https:\/\/forosonodoc.org\/index.php\/wp-json\/wp\/v2\/comments?post=729"}],"version-history":[{"count":37,"href":"https:\/\/forosonodoc.org\/index.php\/wp-json\/wp\/v2\/pages\/729\/revisions"}],"predecessor-version":[{"id":838,"href":"https:\/\/forosonodoc.org\/index.php\/wp-json\/wp\/v2\/pages\/729\/revisions\/838"}],"wp:featuredmedia":[{"embeddable":true,"href":"https:\/\/forosonodoc.org\/index.php\/wp-json\/wp\/v2\/media\/711"}],"wp:attachment":[{"href":"https:\/\/forosonodoc.org\/index.php\/wp-json\/wp\/v2\/media?parent=729"}],"curies":[{"name":"wp","href":"https:\/\/api.w.org\/{rel}","templated":true}]}}