{"id":20,"date":"2019-02-07T00:50:08","date_gmt":"2019-02-07T00:50:08","guid":{"rendered":"http:\/\/forosonodoc.org\/?page_id=20"},"modified":"2019-11-19T03:41:48","modified_gmt":"2019-11-19T03:41:48","slug":"chile-2017","status":"publish","type":"page","link":"https:\/\/forosonodoc.org\/index.php\/chile-2017\/","title":{"rendered":"Chile 2017"},"content":{"rendered":"\n<p>El Tercer Foro de Documental Sonoro en Espa\u00f1ol se llev\u00f3 a cabo en Santiago de Chile y Valpara\u00edso del 7 al 10 de noviembre de 2017.<\/p>\n\n\n\n<div class=\"wp-block-image\"><figure class=\"aligncenter\"><img decoding=\"async\" loading=\"lazy\" width=\"1024\" height=\"469\" src=\"https:\/\/forosonodoc.org\/wp-content\/uploads\/2019\/02\/Screen-Shot-2019-02-12-at-5.51.46-PM-1024x469.png\" alt=\"\" class=\"wp-image-208\" srcset=\"https:\/\/forosonodoc.org\/wp-content\/uploads\/2019\/02\/Screen-Shot-2019-02-12-at-5.51.46-PM-1024x469.png 1024w, https:\/\/forosonodoc.org\/wp-content\/uploads\/2019\/02\/Screen-Shot-2019-02-12-at-5.51.46-PM-300x137.png 300w, https:\/\/forosonodoc.org\/wp-content\/uploads\/2019\/02\/Screen-Shot-2019-02-12-at-5.51.46-PM-768x352.png 768w, https:\/\/forosonodoc.org\/wp-content\/uploads\/2019\/02\/Screen-Shot-2019-02-12-at-5.51.46-PM-750x344.png 750w, https:\/\/forosonodoc.org\/wp-content\/uploads\/2019\/02\/Screen-Shot-2019-02-12-at-5.51.46-PM.png 1054w\" sizes=\"(max-width: 1024px) 100vw, 1024px\" \/><\/figure><\/div>\n\n\n\n<p>Organizado por SONODOC, el Instituto de Comunicaci\u00f3n e Imagen de la Universidad de Chile y la Facultad de Ciencias Sociales de la Universidad de Playa Ancha, en este tercer foro se propone seguir reflexionando sobre los alcances del g\u00e9nero documental sonoro. Hubo mesas tem\u00e1ticas, conferencias, talleres, y actividades complementarias como escuchas colectivas, caminatas sonoras, visitas a radios, registros sonoros, radio abierta, y el concurso de producciones, entre otras.<\/p>\n\n\n\n<div style=\"height:20px\" aria-hidden=\"true\" class=\"wp-block-spacer\"><\/div>\n\n\n\n<h2 class=\"wp-block-heading\" style=\"text-align:center\">Programa de actividades<\/h2>\n\n\n\n<pre class=\"wp-block-code\"><code><div class=\"slider-wrapper\"><div class=\"ribbon\"><\/div><div id=\"nivoslider-RFwzk-436\" class=\"nivoSlider\"><img src=\"https:\/\/forosonodoc.org\/wp-content\/uploads\/2019\/07\/Programa-SONODOC-chile-1.jpg\" alt=\"\" \/><img src=\"https:\/\/forosonodoc.org\/wp-content\/uploads\/2019\/07\/Programa-SONODOC-chile-2.jpg\" alt=\"\" \/><\/div><\/div><script type=\"text\/javascript\">\nwindow.onload = function(){\n    jQuery(\"#nivoslider-RFwzk-436\").nivoSlider({\n        effect:\"fade\",\n        slices:15,\n        boxCols:8,\n        boxRows:4,\n        animSpeed:500,\n        pauseTime:3000,\n        startSlide:0,\n        directionNav:true,\n        controlNav:true,\n        controlNavThumbs:false,\n        pauseOnHover:true,\n        manualAdvance:false\n    });\n};\n<\/script>\n<\/code><\/pre>\n\n\n\n<div style=\"height:26px\" aria-hidden=\"true\" class=\"wp-block-spacer\"><\/div>\n\n\n\n<p style=\"text-align:center\"><a rel=\"noreferrer noopener\" aria-label=\"SONODOC 2017! (abre en una nueva pesta\u00f1a)\" href=\"https:\/\/cpr.org.ar\/sonodoc-2017-documentales-ganadores\/\" target=\"_blank\">Documentales ganadores SONODOC 2017<\/a><\/p>\n","protected":false},"excerpt":{"rendered":"<p>El Tercer Foro de Documental Sonoro en Espa\u00f1ol se llev\u00f3 a cabo en Santiago de Chile y Valpara\u00edso del 7 al 10 de noviembre de 2017. Organizado por SONODOC, el Instituto de Comunicaci\u00f3n e Imagen ...<\/p>\n","protected":false},"author":1,"featured_media":0,"parent":0,"menu_order":0,"comment_status":"open","ping_status":"closed","template":"","meta":[],"_links":{"self":[{"href":"https:\/\/forosonodoc.org\/index.php\/wp-json\/wp\/v2\/pages\/20"}],"collection":[{"href":"https:\/\/forosonodoc.org\/index.php\/wp-json\/wp\/v2\/pages"}],"about":[{"href":"https:\/\/forosonodoc.org\/index.php\/wp-json\/wp\/v2\/types\/page"}],"author":[{"embeddable":true,"href":"https:\/\/forosonodoc.org\/index.php\/wp-json\/wp\/v2\/users\/1"}],"replies":[{"embeddable":true,"href":"https:\/\/forosonodoc.org\/index.php\/wp-json\/wp\/v2\/comments?post=20"}],"version-history":[{"count":11,"href":"https:\/\/forosonodoc.org\/index.php\/wp-json\/wp\/v2\/pages\/20\/revisions"}],"predecessor-version":[{"id":688,"href":"https:\/\/forosonodoc.org\/index.php\/wp-json\/wp\/v2\/pages\/20\/revisions\/688"}],"wp:attachment":[{"href":"https:\/\/forosonodoc.org\/index.php\/wp-json\/wp\/v2\/media?parent=20"}],"curies":[{"name":"wp","href":"https:\/\/api.w.org\/{rel}","templated":true}]}}