{"id":19,"date":"2019-02-07T00:50:08","date_gmt":"2019-02-07T00:50:08","guid":{"rendered":"http:\/\/forosonodoc.org\/?page_id=19"},"modified":"2019-11-19T03:46:56","modified_gmt":"2019-11-19T03:46:56","slug":"mexico-2016","status":"publish","type":"page","link":"https:\/\/forosonodoc.org\/index.php\/mexico-2016\/","title":{"rendered":"M\u00e9xico 2016"},"content":{"rendered":"\n<p>En 2016, se llev\u00f3 a cabo el Segundo Foro de Documental Sonoro en Espa\u00f1ol, que tuvo lugar en Ocotl\u00e1n, Jalisco en M\u00e9xico del 26 al 30 de septiembre.<\/p>\n\n\n\n<figure class=\"wp-block-image\"><img decoding=\"async\" src=\"https:\/\/forosonodoc.org\/wp-content\/uploads\/2019\/07\/DISE\u00d1O-SONODOC-2016.jpg\" alt=\"\" class=\"wp-image-399\"\/><\/figure>\n\n\n\n<p>Por primera vez, lanzamos un concurso de producciones radiof\u00f3nicas, del cual se premiaron tres documentales sonoros provenientes de Argentina, Colombia y Uruguay. <\/p>\n\n\n\n<p style=\"text-align:center\"><strong>\u00a1Esc\u00fachalos!  <\/strong><\/p>\n\n\n\n<figure class=\"wp-block-embed-soundcloud wp-block-embed is-type-rich is-provider-soundcloud wp-embed-aspect-4-3 wp-has-aspect-ratio\"><div class=\"wp-block-embed__wrapper\">\n<iframe loading=\"lazy\" title=\"Foro SONODOC 2016\" width=\"640\" height=\"450\" scrolling=\"no\" frameborder=\"no\" src=\"https:\/\/w.soundcloud.com\/player\/?visual=true&#038;url=https%3A%2F%2Fapi.soundcloud.com%2Fusers%2F672143813&#038;show_artwork=true&#038;maxheight=960&#038;maxwidth=640\"><\/iframe>\n<\/div><\/figure>\n\n\n\n<div style=\"height:21px\" aria-hidden=\"true\" class=\"wp-block-spacer\"><\/div>\n\n\n\n<div class=\"wp-block-file aligncenter\"><a href=\"https:\/\/forosonodoc.org\/wp-content\/uploads\/2019\/07\/Bases-de-concurso-SONODOC-2016.pdf\">Bases-del-Concurso-SONODOC-2016<\/a><a href=\"https:\/\/forosonodoc.org\/wp-content\/uploads\/2019\/07\/Bases-de-concurso-SONODOC-2016.pdf\" class=\"wp-block-file__button\" download>Descarga<\/a><\/div>\n\n\n\n<div style=\"height:46px\" aria-hidden=\"true\" class=\"wp-block-spacer\"><\/div>\n\n\n\n<h2 class=\"wp-block-heading\" style=\"text-align:center\">Programa de actividades<\/h2>\n\n\n\n<div class=\"wp-block-image\"><figure class=\"aligncenter\"><img decoding=\"async\" loading=\"lazy\" width=\"932\" height=\"1024\" src=\"https:\/\/forosonodoc.org\/wp-content\/uploads\/2019\/07\/01-ACTIVIDADES-LUNES-1-2-932x1024.jpg\" alt=\"\" class=\"wp-image-474\" srcset=\"https:\/\/forosonodoc.org\/wp-content\/uploads\/2019\/07\/01-ACTIVIDADES-LUNES-1-2-932x1024.jpg 932w, https:\/\/forosonodoc.org\/wp-content\/uploads\/2019\/07\/01-ACTIVIDADES-LUNES-1-2-273x300.jpg 273w, https:\/\/forosonodoc.org\/wp-content\/uploads\/2019\/07\/01-ACTIVIDADES-LUNES-1-2-768x844.jpg 768w, https:\/\/forosonodoc.org\/wp-content\/uploads\/2019\/07\/01-ACTIVIDADES-LUNES-1-2.jpg 1000w\" sizes=\"(max-width: 932px) 100vw, 932px\" \/><\/figure><\/div>\n\n\n\n<figure class=\"wp-block-image\"><img decoding=\"async\" loading=\"lazy\" width=\"932\" height=\"1024\" src=\"https:\/\/forosonodoc.org\/wp-content\/uploads\/2019\/07\/02-ACTIVIDADES-MARTES-1-2-932x1024.jpg\" alt=\"\" class=\"wp-image-475\" srcset=\"https:\/\/forosonodoc.org\/wp-content\/uploads\/2019\/07\/02-ACTIVIDADES-MARTES-1-2-932x1024.jpg 932w, https:\/\/forosonodoc.org\/wp-content\/uploads\/2019\/07\/02-ACTIVIDADES-MARTES-1-2-273x300.jpg 273w, https:\/\/forosonodoc.org\/wp-content\/uploads\/2019\/07\/02-ACTIVIDADES-MARTES-1-2-768x844.jpg 768w, https:\/\/forosonodoc.org\/wp-content\/uploads\/2019\/07\/02-ACTIVIDADES-MARTES-1-2.jpg 1000w\" sizes=\"(max-width: 932px) 100vw, 932px\" \/><\/figure>\n\n\n\n<figure class=\"wp-block-image\"><img decoding=\"async\" src=\"https:\/\/forosonodoc.org\/wp-content\/uploads\/2019\/07\/03-ACTIVIDADES-MI\u00c9RCOLES-1-2-932x1024.jpg\" alt=\"\" class=\"wp-image-476\"\/><\/figure>\n\n\n\n<figure class=\"wp-block-image\"><img decoding=\"async\" loading=\"lazy\" width=\"932\" height=\"1024\" src=\"https:\/\/forosonodoc.org\/wp-content\/uploads\/2019\/07\/04-ACTIVIDADES-JUEVES-1-2-932x1024.jpeg\" alt=\"\" class=\"wp-image-477\" srcset=\"https:\/\/forosonodoc.org\/wp-content\/uploads\/2019\/07\/04-ACTIVIDADES-JUEVES-1-2-932x1024.jpeg 932w, https:\/\/forosonodoc.org\/wp-content\/uploads\/2019\/07\/04-ACTIVIDADES-JUEVES-1-2-273x300.jpeg 273w, https:\/\/forosonodoc.org\/wp-content\/uploads\/2019\/07\/04-ACTIVIDADES-JUEVES-1-2-768x844.jpeg 768w, https:\/\/forosonodoc.org\/wp-content\/uploads\/2019\/07\/04-ACTIVIDADES-JUEVES-1-2.jpeg 1000w\" sizes=\"(max-width: 932px) 100vw, 932px\" \/><\/figure>\n\n\n\n<figure class=\"wp-block-image\"><img decoding=\"async\" loading=\"lazy\" width=\"1000\" height=\"750\" src=\"https:\/\/forosonodoc.org\/wp-content\/uploads\/2019\/07\/05-ACTIVIDADES-VIERNES-1-2.jpg\" alt=\"\" class=\"wp-image-478\" srcset=\"https:\/\/forosonodoc.org\/wp-content\/uploads\/2019\/07\/05-ACTIVIDADES-VIERNES-1-2.jpg 1000w, https:\/\/forosonodoc.org\/wp-content\/uploads\/2019\/07\/05-ACTIVIDADES-VIERNES-1-2-300x225.jpg 300w, https:\/\/forosonodoc.org\/wp-content\/uploads\/2019\/07\/05-ACTIVIDADES-VIERNES-1-2-768x576.jpg 768w\" sizes=\"(max-width: 1000px) 100vw, 1000px\" \/><\/figure>\n\n\n\n<h2 class=\"wp-block-heading\" style=\"text-align:center\">Fotogaler\u00eda<\/h2>\n\n\n\n<pre class=\"wp-block-code\"><code><div class=\"slider-wrapper\"><div class=\"ribbon\"><\/div><div id=\"nivoslider-3UgQ6-418\" class=\"nivoSlider\"><img src=\"https:\/\/forosonodoc.org\/wp-content\/uploads\/2019\/07\/4074.jpg\" alt=\"\" \/><img src=\"https:\/\/forosonodoc.org\/wp-content\/uploads\/2019\/07\/4035.jpg\" alt=\"\" \/><img src=\"https:\/\/forosonodoc.org\/wp-content\/uploads\/2019\/07\/4046.jpg\" alt=\"\" \/><img src=\"https:\/\/forosonodoc.org\/wp-content\/uploads\/2019\/07\/4051.jpg\" alt=\"\" \/><img src=\"https:\/\/forosonodoc.org\/wp-content\/uploads\/2019\/07\/4064.jpg\" alt=\"\" \/><\/div><\/div><script type=\"text\/javascript\">\nwindow.onload = function(){\n    jQuery(\"#nivoslider-3UgQ6-418\").nivoSlider({\n        effect:\"fade\",\n        slices:5,\n        boxCols:8,\n        boxRows:4,\n        animSpeed:500,\n        pauseTime:3000,\n        startSlide:0,\n        directionNav:true,\n        controlNav:true,\n        controlNavThumbs:false,\n        pauseOnHover:true,\n        manualAdvance:false\n    });\n};\n<\/script>\n\n<div class=\"slider-wrapper\"><div class=\"ribbon\"><\/div><div id=\"nivoslider-44ylR-418\" class=\"nivoSlider\"><img src=\"https:\/\/forosonodoc.org\/wp-content\/uploads\/2019\/07\/4074.jpg\" alt=\"\" \/><img src=\"https:\/\/forosonodoc.org\/wp-content\/uploads\/2019\/07\/4035.jpg\" alt=\"\" \/><img src=\"https:\/\/forosonodoc.org\/wp-content\/uploads\/2019\/07\/4046.jpg\" alt=\"\" \/><img src=\"https:\/\/forosonodoc.org\/wp-content\/uploads\/2019\/07\/4051.jpg\" alt=\"\" \/><img src=\"https:\/\/forosonodoc.org\/wp-content\/uploads\/2019\/07\/4064.jpg\" alt=\"\" \/><\/div><\/div><script type=\"text\/javascript\">\nwindow.onload = function(){\n    jQuery(\"#nivoslider-44ylR-418\").nivoSlider({\n        effect:\"fade\",\n        slices:5,\n        boxCols:8,\n        boxRows:4,\n        animSpeed:500,\n        pauseTime:3000,\n        startSlide:0,\n        directionNav:true,\n        controlNav:true,\n        controlNavThumbs:false,\n        pauseOnHover:true,\n        manualAdvance:false\n    });\n};\n<\/script>\n<\/code><\/pre>\n","protected":false},"excerpt":{"rendered":"<p>En 2016, se llev\u00f3 a cabo el Segundo Foro de Documental Sonoro en Espa\u00f1ol, que tuvo lugar en Ocotl\u00e1n, Jalisco en M\u00e9xico del 26 al 30 de septiembre. Por primera vez, lanzamos un concurso de ...<\/p>\n","protected":false},"author":1,"featured_media":0,"parent":0,"menu_order":0,"comment_status":"closed","ping_status":"closed","template":"","meta":[],"_links":{"self":[{"href":"https:\/\/forosonodoc.org\/index.php\/wp-json\/wp\/v2\/pages\/19"}],"collection":[{"href":"https:\/\/forosonodoc.org\/index.php\/wp-json\/wp\/v2\/pages"}],"about":[{"href":"https:\/\/forosonodoc.org\/index.php\/wp-json\/wp\/v2\/types\/page"}],"author":[{"embeddable":true,"href":"https:\/\/forosonodoc.org\/index.php\/wp-json\/wp\/v2\/users\/1"}],"replies":[{"embeddable":true,"href":"https:\/\/forosonodoc.org\/index.php\/wp-json\/wp\/v2\/comments?post=19"}],"version-history":[{"count":19,"href":"https:\/\/forosonodoc.org\/index.php\/wp-json\/wp\/v2\/pages\/19\/revisions"}],"predecessor-version":[{"id":689,"href":"https:\/\/forosonodoc.org\/index.php\/wp-json\/wp\/v2\/pages\/19\/revisions\/689"}],"wp:attachment":[{"href":"https:\/\/forosonodoc.org\/index.php\/wp-json\/wp\/v2\/media?parent=19"}],"curies":[{"name":"wp","href":"https:\/\/api.w.org\/{rel}","templated":true}]}}