{"id":18,"date":"2019-02-07T00:50:08","date_gmt":"2019-02-07T00:50:08","guid":{"rendered":"http:\/\/forosonodoc.org\/?page_id=18"},"modified":"2019-11-19T03:41:17","modified_gmt":"2019-11-19T03:41:17","slug":"colombia-2015","status":"publish","type":"page","link":"https:\/\/forosonodoc.org\/index.php\/colombia-2015\/","title":{"rendered":"Colombia 2015"},"content":{"rendered":"\n<p>El primer encuentro anual de SONODOC se llev\u00f3 a cabo del 5 al 9 de octubre de 2015 en Bogot\u00e1, Colombia. <\/p>\n\n\n\n<p>Se lanz\u00f3 una Convocatoria de Ponencias y entre las actividades que integraron el programa, se proyect\u00f3 a los asistentes la ponencia ganadora, a cargo de Lea Lvovich (Argentina): <\/p>\n\n\n\n<div class=\"wp-block-file alignright\"><a href=\"https:\/\/forosonodoc.org\/wp-content\/uploads\/2019\/07\/convocatoria-ponencias-sonodoc-2015.pdf\" target=\"_blank\" rel=\"noreferrer noopener\">Convocatoria de Ponencias<\/a><a href=\"https:\/\/forosonodoc.org\/wp-content\/uploads\/2019\/07\/convocatoria-ponencias-sonodoc-2015.pdf\" class=\"wp-block-file__button\" download>Descarga<\/a><\/div>\n\n\n\n<figure class=\"wp-block-embed-youtube wp-block-embed is-type-video is-provider-youtube wp-embed-aspect-4-3 wp-has-aspect-ratio\"><div class=\"wp-block-embed__wrapper\">\n<iframe loading=\"lazy\" title=\"Ponencia de Lea Lvovich en Sonodoc 2015\" width=\"640\" height=\"480\" src=\"https:\/\/www.youtube.com\/embed\/iupxgB_rkts?feature=oembed\" frameborder=\"0\" allow=\"accelerometer; autoplay; clipboard-write; encrypted-media; gyroscope; picture-in-picture; web-share\" allowfullscreen><\/iframe>\n<\/div><\/figure>\n\n\n\n<div style=\"height:53px\" aria-hidden=\"true\" class=\"wp-block-spacer\"><\/div>\n\n\n\n<p style=\"text-align:center\" class=\"has-large-font-size\"><strong>P\u00f3ster<\/strong><\/p>\n\n\n\n<figure class=\"wp-block-image\"><img decoding=\"async\" loading=\"lazy\" width=\"717\" height=\"1024\" src=\"https:\/\/forosonodoc.org\/wp-content\/uploads\/2019\/07\/11999766_1643670982548966_7475882857373985361_o-717x1024.jpg\" alt=\"\" class=\"wp-image-371\" srcset=\"https:\/\/forosonodoc.org\/wp-content\/uploads\/2019\/07\/11999766_1643670982548966_7475882857373985361_o-717x1024.jpg 717w, https:\/\/forosonodoc.org\/wp-content\/uploads\/2019\/07\/11999766_1643670982548966_7475882857373985361_o-210x300.jpg 210w, https:\/\/forosonodoc.org\/wp-content\/uploads\/2019\/07\/11999766_1643670982548966_7475882857373985361_o-768x1098.jpg 768w, https:\/\/forosonodoc.org\/wp-content\/uploads\/2019\/07\/11999766_1643670982548966_7475882857373985361_o.jpg 1433w\" sizes=\"(max-width: 717px) 100vw, 717px\" \/><\/figure>\n\n\n\n<div style=\"height:35px\" aria-hidden=\"true\" class=\"wp-block-spacer\"><\/div>\n\n\n\n<p style=\"text-align:center\" class=\"has-large-font-size\"><strong>Programa de actividades<\/strong><\/p>\n\n\n\n<div style=\"height:39px\" aria-hidden=\"true\" class=\"wp-block-spacer\"><\/div>\n\n\n\n<pre class=\"wp-block-code\"><code><div class=\"slider-wrapper\"><div class=\"ribbon\"><\/div><div id=\"nivoslider-e4sMS-443\" class=\"nivoSlider\"><img src=\"https:\/\/forosonodoc.org\/wp-content\/uploads\/2019\/07\/mediaPrograma-01-1.png\" alt=\"\" \/><img src=\"https:\/\/forosonodoc.org\/wp-content\/uploads\/2019\/07\/mediaPrograma-02-1.png\" alt=\"\" \/><img src=\"https:\/\/forosonodoc.org\/wp-content\/uploads\/2019\/07\/mediaPrograma-03-1.png\" alt=\"\" \/><img src=\"https:\/\/forosonodoc.org\/wp-content\/uploads\/2019\/07\/mediaPrograma-04-1.png\" alt=\"\" \/><\/div><\/div><script type=\"text\/javascript\">\nwindow.onload = function(){\n    jQuery(\"#nivoslider-e4sMS-443\").nivoSlider({\n        effect:\"fade\",\n        slices:15,\n        boxCols:8,\n        boxRows:4,\n        animSpeed:500,\n        pauseTime:3000,\n        startSlide:0,\n        directionNav:true,\n        controlNav:true,\n        controlNavThumbs:false,\n        pauseOnHover:true,\n        manualAdvance:false\n    });\n};\n<\/script>\n<\/code><\/pre>\n\n\n\n<h3 class=\"wp-block-heading\" style=\"text-align:center\"><strong>Cartas de nuestra comunidad<\/strong><\/h3>\n\n\n\n<div style=\"height:31px\" aria-hidden=\"true\" class=\"wp-block-spacer\"><\/div>\n\n\n\n<blockquote style=\"text-align:center\" class=\"wp-block-quote\"><p><strong>Mi Viaje por el Primer Foro de Documental Sonoro en Espa\u00f1ol<\/strong><\/p><p> Siempre cuando est\u00e1 sucediendo algo bueno, no queremos que se acabe. Por ejemplo: llega a tu ciudad el artista favorito de hace muchos a\u00f1os y est\u00e1s en el concierto y quieres que eso sea eterno. As\u00ed me pas\u00f3 con el Primer Foro de  Documental Sonoro en Espa\u00f1ol, porque fue un espacio donde se reunieron estudiantes, productores de radio, profesores y amantes de la radio para profundizar m\u00e1s en este g\u00e9nero radiof\u00f3nico.<br> Cinco d\u00edas donde se pudo reunir a personas que dedican su vida a realizar documentales sonoros, que su experiencia los trajo hasta Colombia para debatir y compartir sobre este g\u00e9nero. El evento tuvo como objetivo principal que los profesores, estudiantes y comunidades universitarias profundicen m\u00e1s en este gran g\u00e9nero que es el documental sonoro, con el cual podemos llegar a contar muchas historias que tenemos a nuestro alrededor. <br> Karla Lechuga, en la conferencia de cierre ,dice que \u201cla gente necesita con urgencia ser escuchada\u201d, esta frase marc\u00f3 mi experiencia durante la realizaci\u00f3n del foro, ya que tenemos historias desde que salimos de nuestras casas,  como la del velador que cuida nuestro edificio o la se\u00f1ora que vende tintos en la esquina. Es importante rescatar todas esas historias para incentivar a las radios a llevar a los oyentes otro tipo de contenidos, los cuales pueden relatar una realidad que, aunque la podamos ver, nunca la asimilamos.<br> Me gust\u00f3 todo, el poder compartir con personas que residen afuera de Colombia y que nos ense\u00f1en y nos muestren c\u00f3mo es la situaci\u00f3n de la radio actual en su pa\u00eds. <br> Espero ya la confirmaci\u00f3n del pr\u00f3ximo foro, no importa d\u00f3nde vaya a ser.<\/p><p><em>Octubre 13, 2015<\/em><\/p><cite>Manuel Andr\u00e9s Camargo Chemas<br>  Productor radial<br>Universidad de Bogot\u00e1 Jorge Tadeo Lozano<\/cite><\/blockquote>\n\n\n\n<h3 class=\"wp-block-heading\" style=\"text-align:center\">\u00a1Cu\u00e9ntanos tu experiencia!<\/h3>\n","protected":false},"excerpt":{"rendered":"<p>El primer encuentro anual de SONODOC se llev\u00f3 a cabo del 5 al 9 de octubre de 2015 en Bogot\u00e1, Colombia. Se lanz\u00f3 una Convocatoria de Ponencias y entre las actividades que integraron el programa, ...<\/p>\n","protected":false},"author":1,"featured_media":0,"parent":0,"menu_order":0,"comment_status":"open","ping_status":"closed","template":"","meta":[],"_links":{"self":[{"href":"https:\/\/forosonodoc.org\/index.php\/wp-json\/wp\/v2\/pages\/18"}],"collection":[{"href":"https:\/\/forosonodoc.org\/index.php\/wp-json\/wp\/v2\/pages"}],"about":[{"href":"https:\/\/forosonodoc.org\/index.php\/wp-json\/wp\/v2\/types\/page"}],"author":[{"embeddable":true,"href":"https:\/\/forosonodoc.org\/index.php\/wp-json\/wp\/v2\/users\/1"}],"replies":[{"embeddable":true,"href":"https:\/\/forosonodoc.org\/index.php\/wp-json\/wp\/v2\/comments?post=18"}],"version-history":[{"count":20,"href":"https:\/\/forosonodoc.org\/index.php\/wp-json\/wp\/v2\/pages\/18\/revisions"}],"predecessor-version":[{"id":687,"href":"https:\/\/forosonodoc.org\/index.php\/wp-json\/wp\/v2\/pages\/18\/revisions\/687"}],"wp:attachment":[{"href":"https:\/\/forosonodoc.org\/index.php\/wp-json\/wp\/v2\/media?parent=18"}],"curies":[{"name":"wp","href":"https:\/\/api.w.org\/{rel}","templated":true}]}}