{"id":13,"date":"2019-02-07T00:50:07","date_gmt":"2019-02-07T00:50:07","guid":{"rendered":"http:\/\/forosonodoc.org\/?page_id=13"},"modified":"2019-07-15T03:51:51","modified_gmt":"2019-07-15T03:51:51","slug":"quienes-somos","status":"publish","type":"page","link":"https:\/\/forosonodoc.org\/index.php\/quienes-somos\/","title":{"rendered":"Historia"},"content":{"rendered":"\n<p>En el marco de la 10\u00aa Bienal Internacional de Radio (M\u00e9xico \u2013 octubre, 2014) naci\u00f3 SONODOC, el Foro de Documental Sonoro en Espa\u00f1ol, un proyecto itinerante que promueve la escucha, docencia, investigaci\u00f3n y producci\u00f3n del g\u00e9nero \u201cdocumental sonoro\u201d en pa\u00edses hispanohablantes.<\/p>\n\n\n\n<p>Esto es un hito hist\u00f3rico: nunca, antes, la comunidad de autores e investigadores de documental en espa\u00f1ol se hab\u00eda reunido con el prop\u00f3sito de organizarse.<\/p>\n\n\n\n<div style=\"height:35px\" aria-hidden=\"true\" class=\"wp-block-spacer\"><\/div>\n\n\n\n<h4 class=\"wp-block-heading\" style=\"text-align:center\"><strong>Pero, \u00bfqu\u00e9 es el documental sonoro?<\/strong><\/h4>\n\n\n\n<p>Si bien, los miembros fundadores de esta iniciativa, nos rehusamos a dictar una definici\u00f3n formal del g\u00e9nero, establecimos un objetivo clave: <\/p>\n\n\n\n<div class=\"wp-block-image\"><figure class=\"aligncenter\"><img decoding=\"async\" loading=\"lazy\" width=\"1024\" height=\"182\" src=\"https:\/\/forosonodoc.org\/wp-content\/uploads\/2019\/02\/contar-1024x182.jpg\" alt=\"\" class=\"wp-image-69\" srcset=\"https:\/\/forosonodoc.org\/wp-content\/uploads\/2019\/02\/contar-1024x182.jpg 1024w, https:\/\/forosonodoc.org\/wp-content\/uploads\/2019\/02\/contar-300x53.jpg 300w, https:\/\/forosonodoc.org\/wp-content\/uploads\/2019\/02\/contar-768x137.jpg 768w, https:\/\/forosonodoc.org\/wp-content\/uploads\/2019\/02\/contar-750x133.jpg 750w, https:\/\/forosonodoc.org\/wp-content\/uploads\/2019\/02\/contar.jpg 1298w\" sizes=\"(max-width: 1024px) 100vw, 1024px\" \/><\/figure><\/div>\n\n\n\n<ul><li><strong>Contar<\/strong> implica una intenci\u00f3n narrativa por parte del autor; \u00e9ste crea el dise\u00f1o sonoro de un relato de vida ver\u00eddico.<\/li><\/ul>\n\n\n\n<ul><li><strong>Historias reales<\/strong> implica que las obras de ficci\u00f3n no son parte del g\u00e9nero. Las historias que cuentan los documentales vienen de la realidad. Sin embargo, se acepta que el g\u00e9nero pueda tener un componente de dramatizaci\u00f3n, siempre y cuando \u00e9ste sea al servicio de la historia real que se est\u00e1 narrando.<\/li><\/ul>\n\n\n\n<ul><li><strong>Con sonidos<\/strong> implica que el material empleado para contar las historias sea \u00fanicamente sonoro; se excluyen trabajos multimedia o transmedia. Los autores del g\u00e9nero aprovechan el potencial narrativo de la materia sonora para contar sus historias. Crean programas elaborados, en los cuales desarrollan una est\u00e9tica sonora a trav\u00e9s de su punto de vista de autor.<\/li><\/ul>\n\n\n\n<h3 class=\"wp-block-heading\">Desde la perspectiva de Juan Carlos Roque:<\/h3>\n\n\n\n<figure class=\"wp-block-embed-soundcloud wp-block-embed is-type-rich is-provider-soundcloud wp-embed-aspect-4-3 wp-has-aspect-ratio\"><div class=\"wp-block-embed__wrapper\">\n<iframe loading=\"lazy\" title=\"Juan Carlos Roque sobre el documental sonoro by cpr.ceppas\" width=\"640\" height=\"400\" scrolling=\"no\" frameborder=\"no\" src=\"https:\/\/w.soundcloud.com\/player\/?visual=true&#038;url=https%3A%2F%2Fapi.soundcloud.com%2Ftracks%2F96876259&#038;show_artwork=true&#038;maxheight=960&#038;maxwidth=640\"><\/iframe>\n<\/div><\/figure>\n\n\n\n<h3 class=\"wp-block-heading\">\u00bfC\u00f3mo hacer documentales sonoros? <\/h3>\n\n\n\n<p>Alejandro Cornejo y Francisco God\u00ednez te cuentan\u2026 <\/p>\n\n\n\n<div class=\"wp-block-image\"><figure class=\"aligncenter\"><a href=\"https:\/\/www.facebook.com\/RadioNacionalDeColombia\/videos\/10155383888631507\/\" target=\"_blank\" rel=\"noreferrer noopener\"><img decoding=\"async\" loading=\"lazy\" width=\"300\" height=\"300\" src=\"https:\/\/forosonodoc.org\/wp-content\/uploads\/2019\/07\/Logo-Peru-300x300.jpg\" alt=\"\" class=\"wp-image-346\" srcset=\"https:\/\/forosonodoc.org\/wp-content\/uploads\/2019\/07\/Logo-Peru-300x300.jpg 300w, https:\/\/forosonodoc.org\/wp-content\/uploads\/2019\/07\/Logo-Peru-150x150.jpg 150w, https:\/\/forosonodoc.org\/wp-content\/uploads\/2019\/07\/Logo-Peru-768x768.jpg 768w, https:\/\/forosonodoc.org\/wp-content\/uploads\/2019\/07\/Logo-Peru.jpg 958w\" sizes=\"(max-width: 300px) 100vw, 300px\" \/><\/a><figcaption>Da clic aqu\u00ed<\/figcaption><\/figure><\/div>\n","protected":false},"excerpt":{"rendered":"<p>En el marco de la 10\u00aa Bienal Internacional de Radio (M\u00e9xico \u2013 octubre, 2014) naci\u00f3 SONODOC, el Foro de Documental Sonoro en Espa\u00f1ol, un proyecto itinerante que promueve la escucha, docencia, investigaci\u00f3n y producci\u00f3n del ...<\/p>\n","protected":false},"author":1,"featured_media":242,"parent":0,"menu_order":0,"comment_status":"closed","ping_status":"closed","template":"","meta":[],"_links":{"self":[{"href":"https:\/\/forosonodoc.org\/index.php\/wp-json\/wp\/v2\/pages\/13"}],"collection":[{"href":"https:\/\/forosonodoc.org\/index.php\/wp-json\/wp\/v2\/pages"}],"about":[{"href":"https:\/\/forosonodoc.org\/index.php\/wp-json\/wp\/v2\/types\/page"}],"author":[{"embeddable":true,"href":"https:\/\/forosonodoc.org\/index.php\/wp-json\/wp\/v2\/users\/1"}],"replies":[{"embeddable":true,"href":"https:\/\/forosonodoc.org\/index.php\/wp-json\/wp\/v2\/comments?post=13"}],"version-history":[{"count":16,"href":"https:\/\/forosonodoc.org\/index.php\/wp-json\/wp\/v2\/pages\/13\/revisions"}],"predecessor-version":[{"id":350,"href":"https:\/\/forosonodoc.org\/index.php\/wp-json\/wp\/v2\/pages\/13\/revisions\/350"}],"wp:featuredmedia":[{"embeddable":true,"href":"https:\/\/forosonodoc.org\/index.php\/wp-json\/wp\/v2\/media\/242"}],"wp:attachment":[{"href":"https:\/\/forosonodoc.org\/index.php\/wp-json\/wp\/v2\/media?parent=13"}],"curies":[{"name":"wp","href":"https:\/\/api.w.org\/{rel}","templated":true}]}}